{"id":2301,"date":"2017-10-22T13:24:27","date_gmt":"2017-10-22T11:24:27","guid":{"rendered":"http:\/\/lachapelledaligne.com\/?page_id=2301"},"modified":"2024-03-19T19:42:07","modified_gmt":"2024-03-19T17:42:07","slug":"visites-expositions-spectaclesanimations","status":"publish","type":"page","link":"https:\/\/lachapelledaligne.com\/?page_id=2301","title":{"rendered":"Visites, expositions, spectacles,cin\u00e9ma,animations&#8230;"},"content":{"rendered":"\n<h3 class=\"wp-block-heading\">&nbsp;<\/h3>\n\n\n\n<h3 class=\"wp-block-heading has-light-green-cyan-background-color has-background\">Allons au cin\u00e9ma :<\/h3>\n\n\n\n<h3 class=\"wp-block-heading has-cyan-bluish-gray-background-color has-background\"><span style=\"color: #800080;\">La Fl\u00e8che :&nbsp;<\/span><\/h3>\n\n\n\n<p class=\"has-pale-pink-background-color has-background\"><a href=\"http:\/\/www.ville-lafleche.fr\/culture\/cinema-municipal\/films-programmes-au-cinema\/\">http:\/\/www.ville-lafleche.fr\/culture\/cinema-municipal\/films-programmes-au-cinema\/<\/a><\/p>\n\n\n\n<h3 class=\"wp-block-heading has-cyan-bluish-gray-background-color has-background\"><span style=\"color: #800080;\">Sabl\u00e9 sur Sarthe<\/span><\/h3>\n\n\n\n<p class=\"has-pale-pink-background-color has-background\"><a href=\"http:\/\/www.allocine.fr\/seance\/salle_gen_csalle=P7230.html\">http:\/\/www.allocine.fr\/seance\/salle_gen_csalle=P7230.html<\/a><\/p>\n\n\n\n<h3 class=\"wp-block-heading has-cyan-bluish-gray-background-color has-background\"><span style=\"color: #800080;\">Mega CGR Saint Saturnin :<\/span><\/h3>\n\n\n\n<p class=\"has-pale-pink-background-color has-background\"><a href=\"http:\/\/www.cgrcinemas.fr\/stsaturnin\/\">http:\/\/www.cgrcinemas.fr\/stsaturnin\/<\/a><\/p>\n\n\n\n<p class=\"has-pale-cyan-blue-background-color has-background\"><span style=\"color: #ff0000;\">Randonnons pr\u00e8s de chez nous !<\/span><\/p>\n\n\n\n<p class=\"has-pale-cyan-blue-background-color has-background\">9 ou 13 kms de parcours !<\/p>\n\n\n\n<p class=\"has-pale-cyan-blue-background-color has-background\">Deux d\u00e9part possibles : le Bois des semis ou le parking de la salle des f\u00eates !<\/p>\n\n\n\n<p class=\"has-pale-cyan-blue-background-color has-background\">Cette carte est disponible en mairie, vous pouvez aller en chercher une !<\/p>\n\n\n\n<p class=\"has-pale-cyan-blue-background-color has-background\"><a href=\"https:\/\/lachapelledaligne.com\/?attachment_id=3427\" rel=\"attachment wp-att-3427\">carte rando<\/a> (cliquez sur ce lien).<\/p>\n\n\n\n<h3 class=\"wp-block-heading\">&nbsp;<\/h3>\n\n\n\n<p class=\"has-pale-cyan-blue-background-color has-background\">A visiter cet \u00e9t\u00e9 dans votre commune : <span style=\"text-decoration: underline;\"><span style=\"color: #ff00ff; text-decoration: underline;\">Le Ch\u00e2teau des Gringueni\u00e8res !!<\/span><\/span><\/p>\n\n\n<div class=\"wp-block-image\">\n<figure class=\"aligncenter\"><a href=\"https:\/\/lachapelledaligne.com\/wp-content\/uploads\/2016\/10\/CCF22102016.jpg\"><img loading=\"lazy\" decoding=\"async\" width=\"159\" height=\"300\" src=\"https:\/\/lachapelledaligne.com\/wp-content\/uploads\/2016\/10\/CCF22102016-159x300.jpg\" alt=\"CCF22102016\" class=\"wp-image-2311\" srcset=\"https:\/\/lachapelledaligne.com\/wp-content\/uploads\/2016\/10\/CCF22102016-159x300.jpg 159w, https:\/\/lachapelledaligne.com\/wp-content\/uploads\/2016\/10\/CCF22102016-542x1024.jpg 542w\" sizes=\"auto, (max-width: 159px) 100vw, 159px\" \/><\/a><\/figure>\n<\/div>\n\n\n<p>Cliquez sur l&rsquo;image pour agrandir le prospectus.<\/p>\n\n\n\n<ul class=\"has-pale-cyan-blue-background-color has-background wp-block-list\">\n<li>&nbsp;Chez vous une activit\u00e9 pour&nbsp;petits et grands&nbsp;!!!<a href=\"https:\/\/lachapelledaligne.com\/wp-content\/uploads\/2009\/09\/atoucrin.jpg\"><img loading=\"lazy\" decoding=\"async\" class=\"aligncenter size-medium wp-image-2391\" src=\"https:\/\/lachapelledaligne.com\/wp-content\/uploads\/2009\/09\/atoucrin-218x300.jpg\" alt=\"atoucrin\" width=\"218\" height=\"300\" srcset=\"https:\/\/lachapelledaligne.com\/wp-content\/uploads\/2009\/09\/atoucrin-218x300.jpg 218w, https:\/\/lachapelledaligne.com\/wp-content\/uploads\/2009\/09\/atoucrin.jpg 426w\" sizes=\"auto, (max-width: 218px) 100vw, 218px\" \/><\/a><\/li>\n<\/ul>\n","protected":false},"excerpt":{"rendered":"<p>&nbsp; Allons au cin\u00e9ma : La Fl\u00e8che :&nbsp; http:\/\/www.ville-lafleche.fr\/culture\/cinema-municipal\/films-programmes-au-cinema\/ Sabl\u00e9 sur Sarthe http:\/\/www.allocine.fr\/seance\/salle_gen_csalle=P7230.html Mega CGR Saint Saturnin : http:\/\/www.cgrcinemas.fr\/stsaturnin\/ Randonnons pr\u00e8s de chez nous ! 9 ou 13 kms de parcours ! Deux d\u00e9part possibles : le Bois des semis ou le parking de la salle des f\u00eates ! Cette carte est disponible en mairie, vous pouvez aller en chercher une ! carte rando (cliquez sur ce lien). &nbsp; A visiter cet \u00e9t\u00e9 dans votre commune : Le Ch\u00e2teau des Gringueni\u00e8res !! Cliquez sur l&rsquo;image pour agrandir le prospectus.<\/p>\n","protected":false},"author":2,"featured_media":0,"parent":0,"menu_order":0,"comment_status":"closed","ping_status":"closed","template":"","meta":{"_monsterinsights_skip_tracking":false,"_monsterinsights_sitenote_active":false,"_monsterinsights_sitenote_note":"","_monsterinsights_sitenote_category":0,"footnotes":""},"class_list":["post-2301","page","type-page","status-publish","hentry"],"_links":{"self":[{"href":"https:\/\/lachapelledaligne.com\/index.php?rest_route=\/wp\/v2\/pages\/2301","targetHints":{"allow":["GET"]}}],"collection":[{"href":"https:\/\/lachapelledaligne.com\/index.php?rest_route=\/wp\/v2\/pages"}],"about":[{"href":"https:\/\/lachapelledaligne.com\/index.php?rest_route=\/wp\/v2\/types\/page"}],"author":[{"embeddable":true,"href":"https:\/\/lachapelledaligne.com\/index.php?rest_route=\/wp\/v2\/users\/2"}],"replies":[{"embeddable":true,"href":"https:\/\/lachapelledaligne.com\/index.php?rest_route=%2Fwp%2Fv2%2Fcomments&post=2301"}],"version-history":[{"count":93,"href":"https:\/\/lachapelledaligne.com\/index.php?rest_route=\/wp\/v2\/pages\/2301\/revisions"}],"predecessor-version":[{"id":5165,"href":"https:\/\/lachapelledaligne.com\/index.php?rest_route=\/wp\/v2\/pages\/2301\/revisions\/5165"}],"wp:attachment":[{"href":"https:\/\/lachapelledaligne.com\/index.php?rest_route=%2Fwp%2Fv2%2Fmedia&parent=2301"}],"curies":[{"name":"wp","href":"https:\/\/api.w.org\/{rel}","templated":true}]}}