{"id":2768,"date":"2017-10-10T11:37:52","date_gmt":"2017-10-10T09:37:52","guid":{"rendered":"http:\/\/lachapelledaligne.com\/?page_id=2768"},"modified":"2025-10-27T12:12:16","modified_gmt":"2025-10-27T10:12:16","slug":"horaires-douverture-de-la-mairie","status":"publish","type":"page","link":"https:\/\/lachapelledaligne.com\/?page_id=2768","title":{"rendered":"Horaires d&rsquo;ouverture de la mairie"},"content":{"rendered":"<h4><a href=\"https:\/\/lachapelledaligne.com\/?attachment_id=2593\" rel=\"attachment wp-att-2593\"><img loading=\"lazy\" decoding=\"async\" class=\"wp-image-2593 alignleft\" src=\"https:\/\/lachapelledaligne.com\/wp-content\/uploads\/2014\/10\/r\u00e9veil.png\" alt=\"\" width=\"98\" height=\"99\" srcset=\"https:\/\/lachapelledaligne.com\/wp-content\/uploads\/2014\/10\/r\u00e9veil.png 223w, https:\/\/lachapelledaligne.com\/wp-content\/uploads\/2014\/10\/r\u00e9veil-150x150.png 150w\" sizes=\"auto, (max-width: 98px) 100vw, 98px\" \/><\/a><\/h4>\n<\/p>\n\n\n<p><\/p>\n\n\n\n<p class=\"has-cyan-bluish-gray-background-color has-background\"><strong>Plus d&rsquo;informations sur panneau Pocket en cas de fermeture exceptionnelle !<\/strong><\/p>\n\n\n\n<p class=\"has-pale-pink-background-color has-background\">Lundi : 10h00 \u00e0 12h00 possibilit\u00e9 d&rsquo;appeler l&rsquo;apr\u00e8s-midi jusqu&rsquo;\u00e0 16h30.<\/p>\n\n\n\n<p class=\"has-pale-pink-background-color has-background\">Mardi : 8h30 \u00e0 12h00 possibilit\u00e9 d&rsquo;appeler l&rsquo;apr\u00e8s-midi jusqu&rsquo;\u00e0 16h30.<\/p>\n\n\n\n<p class=\"has-pale-pink-background-color has-background\">Mercredi : 8h30 \u00e0 12h00 et 15h00 \u00e0 17h00<\/p>\n\n\n\n<p class=\"has-pale-pink-background-color has-background\">Jeudi : 8h30 \u00e0 12h00 possibilit\u00e9 d&rsquo;appeler l&rsquo;apr\u00e8s-midi jusqu&rsquo;\u00e0 16h30.<\/p>\n\n\n\n<p class=\"has-pale-pink-background-color has-background\">Vendredi : 8h30 \u00e0 12h00 et 15h00 \u00e0 17hO0<\/p>\n\n\n\n<p class=\"has-pale-pink-background-color has-background\">Samedi : 8h30 \u00e0 12h00, sauf le dernier samedi de chaque mois .<\/p>\n\n\n\n<p class=\"has-pale-pink-background-color has-background\">Mail en cas de besoin en dehors des ouvertures : mairie@lachapelledaligne.com<\/p>\n\n\n\n<h2 class=\"wp-block-heading has-pale-cyan-blue-background-color has-background\">Horaire de l&rsquo;agence postale<\/h2>\n\n\n\n<p class=\"has-pale-pink-background-color has-background\"> <strong>Plus d&rsquo;informations sur panneau Pocket en cas de fermeture exceptionnelle !<\/strong> <\/p>\n\n\n\n<p><strong><u>LA DERNIERE SEMAINE DU MOIS&nbsp;:<\/u><\/strong><\/p>\n\n\n\n<p>MARDI 8H30-12H15<\/p>\n\n\n\n<p>MERCREDI 8H30-12H15<\/p>\n\n\n\n<p>JEUDI 8H30-12H15<\/p>\n\n\n\n<p>VENDREDI 8H30-12H15 \/ 16H00-19H00<\/p>\n\n\n\n<p><strong><u>LES AUTRES SEMAINES&nbsp;:<\/u><\/strong><\/p>\n\n\n\n<p>MARDI 8H30-12H15<\/p>\n\n\n\n<p>MERCREDI 8H30-12H15<\/p>\n\n\n\n<p>JEUDI 8H30-12H15<\/p>\n\n\n\n<p>VENDREDI 8H30-12H15<\/p>\n\n\n\n<p>SAMEDI 9H00-12H00<\/p>\n\n\n\n<p><\/p>\n","protected":false},"excerpt":{"rendered":"<p>Plus d&rsquo;informations sur panneau Pocket en cas de fermeture exceptionnelle ! Lundi : 10h00 \u00e0 12h00 possibilit\u00e9 d&rsquo;appeler l&rsquo;apr\u00e8s-midi jusqu&rsquo;\u00e0 16h30. Mardi : 8h30 \u00e0 12h00 possibilit\u00e9 d&rsquo;appeler l&rsquo;apr\u00e8s-midi jusqu&rsquo;\u00e0 16h30. Mercredi : 8h30 \u00e0 12h00 et 15h00 \u00e0 17h00 Jeudi : 8h30 \u00e0 12h00 possibilit\u00e9 d&rsquo;appeler l&rsquo;apr\u00e8s-midi jusqu&rsquo;\u00e0 16h30. Vendredi : 8h30 \u00e0 12h00 et 15h00 \u00e0 17hO0 Samedi : 8h30 \u00e0 12h00, sauf le dernier samedi de chaque mois . Mail en cas de besoin en dehors des ouvertures : mairie@lachapelledaligne.com Horaire de l&rsquo;agence postale Plus d&rsquo;informations sur panneau Pocket en cas de fermeture exceptionnelle ! LA DERNIERE SEMAINE DU MOIS&nbsp;: MARDI 8H30-12H15 MERCREDI 8H30-12H15 JEUDI 8H30-12H15 VENDREDI 8H30-12H15 \/ 16H00-19H00 LES AUTRES SEMAINES&nbsp;: MARDI 8H30-12H15 MERCREDI 8H30-12H15 JEUDI 8H30-12H15 VENDREDI 8H30-12H15 SAMEDI 9H00-12H00<\/p>\n","protected":false},"author":2,"featured_media":0,"parent":0,"menu_order":0,"comment_status":"closed","ping_status":"closed","template":"","meta":{"_monsterinsights_skip_tracking":false,"_monsterinsights_sitenote_active":false,"_monsterinsights_sitenote_note":"","_monsterinsights_sitenote_category":0,"footnotes":""},"class_list":["post-2768","page","type-page","status-publish","hentry"],"_links":{"self":[{"href":"https:\/\/lachapelledaligne.com\/index.php?rest_route=\/wp\/v2\/pages\/2768","targetHints":{"allow":["GET"]}}],"collection":[{"href":"https:\/\/lachapelledaligne.com\/index.php?rest_route=\/wp\/v2\/pages"}],"about":[{"href":"https:\/\/lachapelledaligne.com\/index.php?rest_route=\/wp\/v2\/types\/page"}],"author":[{"embeddable":true,"href":"https:\/\/lachapelledaligne.com\/index.php?rest_route=\/wp\/v2\/users\/2"}],"replies":[{"embeddable":true,"href":"https:\/\/lachapelledaligne.com\/index.php?rest_route=%2Fwp%2Fv2%2Fcomments&post=2768"}],"version-history":[{"count":17,"href":"https:\/\/lachapelledaligne.com\/index.php?rest_route=\/wp\/v2\/pages\/2768\/revisions"}],"predecessor-version":[{"id":5532,"href":"https:\/\/lachapelledaligne.com\/index.php?rest_route=\/wp\/v2\/pages\/2768\/revisions\/5532"}],"wp:attachment":[{"href":"https:\/\/lachapelledaligne.com\/index.php?rest_route=%2Fwp%2Fv2%2Fmedia&parent=2768"}],"curies":[{"name":"wp","href":"https:\/\/api.w.org\/{rel}","templated":true}]}}