{"id":3262,"date":"2018-02-27T14:18:33","date_gmt":"2018-02-27T12:18:33","guid":{"rendered":"http:\/\/lachapelledaligne.com\/?page_id=3262"},"modified":"2024-03-19T19:45:44","modified_gmt":"2024-03-19T17:45:44","slug":"ou-se-restaurer","status":"publish","type":"page","link":"https:\/\/lachapelledaligne.com\/?page_id=3262","title":{"rendered":"O\u00f9 se restaurer ?"},"content":{"rendered":"<h6>\u00a0<\/h6>\n<h3><span style=\"color: #ff6600;\">Bar\/tabac pr\u00e8s de chez vous<\/span><\/h3>\n<p><a href=\"https:\/\/trouver-ouvert.fr\/la-chapelle-daligne\/bureau-de-tabac\">https:\/\/trouver-ouvert.fr\/la-chapelle-daligne\/bureau-de-tabac<\/a><\/p>\n<h3><span style=\"color: #0000ff;\">SNACKING : L<\/span>&lsquo;Atelier des sens &#8211; Boulangerie\u00a0<\/h3>\n<h5><span style=\"color: #808080;\">Sur notre commune : tous les samedis soir un nouveau\u00a0 pizza\u00efolo sera pr\u00e9sent place de l&rsquo;\u00e9cole !<\/span><\/h5>\n<p>06 70 82 99 67<\/p>\n<p><a href=\"https:\/\/lachapelledaligne.com\/?attachment_id=2076\" rel=\"attachment wp-att-2076\"><img loading=\"lazy\" decoding=\"async\" class=\"wp-image-2076 alignleft\" src=\"https:\/\/lachapelledaligne.com\/wp-content\/uploads\/2014\/10\/sans-titre.png\" alt=\"\" width=\"95\" height=\"110\" \/><\/a><\/p>\n<p>voici la carte !<\/p>\n\n\n<div class=\"wp-block-file\"><a id=\"wp-block-file--media-40db5f42-8662-4fc5-bf2f-499746f6d2f6\" href=\"https:\/\/lachapelledaligne.com\/wp-content\/uploads\/2019\/03\/pizzas23032019-min-1.jpg\">pizzas23032019-min<\/a><a href=\"https:\/\/lachapelledaligne.com\/wp-content\/uploads\/2019\/03\/pizzas23032019-min-1.jpg\" class=\"wp-block-file__button wp-element-button\" download aria-describedby=\"wp-block-file--media-40db5f42-8662-4fc5-bf2f-499746f6d2f6\">T\u00e9l\u00e9charger<\/a><\/div>\n","protected":false},"excerpt":{"rendered":"<p>\u00a0 Bar\/tabac pr\u00e8s de chez vous https:\/\/trouver-ouvert.fr\/la-chapelle-daligne\/bureau-de-tabac SNACKING : L&lsquo;Atelier des sens &#8211; Boulangerie\u00a0 Sur notre commune : tous les samedis soir un nouveau\u00a0 pizza\u00efolo sera pr\u00e9sent place de l&rsquo;\u00e9cole ! 06 70 82 99 67 voici la carte !<\/p>\n","protected":false},"author":2,"featured_media":0,"parent":0,"menu_order":0,"comment_status":"closed","ping_status":"closed","template":"","meta":{"_monsterinsights_skip_tracking":false,"_monsterinsights_sitenote_active":false,"_monsterinsights_sitenote_note":"","_monsterinsights_sitenote_category":0,"footnotes":""},"class_list":["post-3262","page","type-page","status-publish","hentry"],"_links":{"self":[{"href":"https:\/\/lachapelledaligne.com\/index.php?rest_route=\/wp\/v2\/pages\/3262","targetHints":{"allow":["GET"]}}],"collection":[{"href":"https:\/\/lachapelledaligne.com\/index.php?rest_route=\/wp\/v2\/pages"}],"about":[{"href":"https:\/\/lachapelledaligne.com\/index.php?rest_route=\/wp\/v2\/types\/page"}],"author":[{"embeddable":true,"href":"https:\/\/lachapelledaligne.com\/index.php?rest_route=\/wp\/v2\/users\/2"}],"replies":[{"embeddable":true,"href":"https:\/\/lachapelledaligne.com\/index.php?rest_route=%2Fwp%2Fv2%2Fcomments&post=3262"}],"version-history":[{"count":12,"href":"https:\/\/lachapelledaligne.com\/index.php?rest_route=\/wp\/v2\/pages\/3262\/revisions"}],"predecessor-version":[{"id":5167,"href":"https:\/\/lachapelledaligne.com\/index.php?rest_route=\/wp\/v2\/pages\/3262\/revisions\/5167"}],"wp:attachment":[{"href":"https:\/\/lachapelledaligne.com\/index.php?rest_route=%2Fwp%2Fv2%2Fmedia&parent=3262"}],"curies":[{"name":"wp","href":"https:\/\/api.w.org\/{rel}","templated":true}]}}