{"id":3308,"date":"2018-03-01T10:03:43","date_gmt":"2018-03-01T08:03:43","guid":{"rendered":"http:\/\/lachapelledaligne.com\/?page_id=3308"},"modified":"2020-02-19T18:23:58","modified_gmt":"2020-02-19T16:23:58","slug":"vie-culturelle-et-associative","status":"publish","type":"page","link":"https:\/\/lachapelledaligne.com\/?page_id=3308","title":{"rendered":"Vie culturelle et associative"},"content":{"rendered":"\n<div class=\"wp-block-file\"><a href=\"https:\/\/lachapelledaligne.com\/wp-content\/uploads\/2020\/01\/CALENDRIER-DES-FETES-2020-1.pdf\">CALENDRIER-DES-FETES-2020-1<\/a><a href=\"https:\/\/lachapelledaligne.com\/wp-content\/uploads\/2020\/01\/CALENDRIER-DES-FETES-2020-1.pdf\" class=\"wp-block-file__button\" download>T\u00e9l\u00e9charger<\/a><\/div>\n\n\n\n<h2 class=\"wp-block-heading\">Le d\u00e9part du 4L trophy \u00e0 La Fl\u00e8che.<\/h2>\n\n\n\n<figure class=\"wp-block-image size-large\"><img loading=\"lazy\" decoding=\"async\" width=\"1024\" height=\"683\" src=\"https:\/\/lachapelledaligne.com\/wp-content\/uploads\/2020\/02\/IMG_7620-1024x683.jpg\" alt=\"\" class=\"wp-image-4458\" srcset=\"https:\/\/lachapelledaligne.com\/wp-content\/uploads\/2020\/02\/IMG_7620-1024x683.jpg 1024w, https:\/\/lachapelledaligne.com\/wp-content\/uploads\/2020\/02\/IMG_7620-300x200.jpg 300w, https:\/\/lachapelledaligne.com\/wp-content\/uploads\/2020\/02\/IMG_7620-768x512.jpg 768w, https:\/\/lachapelledaligne.com\/wp-content\/uploads\/2020\/02\/IMG_7620-1536x1024.jpg 1536w, https:\/\/lachapelledaligne.com\/wp-content\/uploads\/2020\/02\/IMG_7620.jpg 1920w\" sizes=\"auto, (max-width: 1024px) 100vw, 1024px\" \/><figcaption>3 \u00e9quipages au d\u00e9part!!<\/figcaption><\/figure>\n\n\n\n<figure class=\"wp-block-image size-large\"><img loading=\"lazy\" decoding=\"async\" width=\"1024\" height=\"683\" src=\"https:\/\/lachapelledaligne.com\/wp-content\/uploads\/2020\/02\/IMG_7621-1024x683.jpg\" alt=\"\" class=\"wp-image-4459\" srcset=\"https:\/\/lachapelledaligne.com\/wp-content\/uploads\/2020\/02\/IMG_7621-1024x683.jpg 1024w, https:\/\/lachapelledaligne.com\/wp-content\/uploads\/2020\/02\/IMG_7621-300x200.jpg 300w, https:\/\/lachapelledaligne.com\/wp-content\/uploads\/2020\/02\/IMG_7621-768x512.jpg 768w, https:\/\/lachapelledaligne.com\/wp-content\/uploads\/2020\/02\/IMG_7621-1536x1024.jpg 1536w, https:\/\/lachapelledaligne.com\/wp-content\/uploads\/2020\/02\/IMG_7621.jpg 1920w\" sizes=\"auto, (max-width: 1024px) 100vw, 1024px\" \/><figcaption>Fiona et Morgane<\/figcaption><\/figure>\n\n\n\n<figure class=\"wp-block-image size-large\"><img loading=\"lazy\" decoding=\"async\" width=\"1024\" height=\"683\" src=\"https:\/\/lachapelledaligne.com\/wp-content\/uploads\/2020\/02\/IMG_7622-1024x683.jpg\" alt=\"\" class=\"wp-image-4460\" srcset=\"https:\/\/lachapelledaligne.com\/wp-content\/uploads\/2020\/02\/IMG_7622-1024x683.jpg 1024w, https:\/\/lachapelledaligne.com\/wp-content\/uploads\/2020\/02\/IMG_7622-300x200.jpg 300w, https:\/\/lachapelledaligne.com\/wp-content\/uploads\/2020\/02\/IMG_7622-768x512.jpg 768w, https:\/\/lachapelledaligne.com\/wp-content\/uploads\/2020\/02\/IMG_7622-1536x1024.jpg 1536w, https:\/\/lachapelledaligne.com\/wp-content\/uploads\/2020\/02\/IMG_7622.jpg 1920w\" sizes=\"auto, (max-width: 1024px) 100vw, 1024px\" \/><\/figure>\n\n\n\n<figure class=\"wp-block-image size-large\"><img loading=\"lazy\" decoding=\"async\" width=\"1024\" height=\"683\" src=\"https:\/\/lachapelledaligne.com\/wp-content\/uploads\/2020\/02\/IMG_7623-1024x683.jpg\" alt=\"\" class=\"wp-image-4461\" srcset=\"https:\/\/lachapelledaligne.com\/wp-content\/uploads\/2020\/02\/IMG_7623-1024x683.jpg 1024w, https:\/\/lachapelledaligne.com\/wp-content\/uploads\/2020\/02\/IMG_7623-300x200.jpg 300w, https:\/\/lachapelledaligne.com\/wp-content\/uploads\/2020\/02\/IMG_7623-768x512.jpg 768w, https:\/\/lachapelledaligne.com\/wp-content\/uploads\/2020\/02\/IMG_7623-1536x1024.jpg 1536w, https:\/\/lachapelledaligne.com\/wp-content\/uploads\/2020\/02\/IMG_7623.jpg 1920w\" sizes=\"auto, (max-width: 1024px) 100vw, 1024px\" \/><\/figure>\n\n\n\n<h2 class=\"wp-block-heading\">Le 4L Trophy : 2020<\/h2>\n\n\n\n<p>Pour les deux jeunes femmes le 4L Trophy est avant tout un fabuleux d\u00e9fi, tant sur un plan humanitaire que sur un plan physique et sportif.<\/p>\n\n\n\n<p>Elles aiment l\u2019esprit du 4L Trophy : entraide, coop\u00e9ration , solidarit\u00e9 \u2026 et bien s\u00fbr le c\u00f4t\u00e9 humanitaire. La 4L sera remplie de fournitures scolaires , de denr\u00e9es alimentaires, de mat\u00e9riel de sport, de fournitures param\u00e9dicales \u2026.<\/p>\n\n\n\n<p>Mais pour arriver \u00e0 ce d\u00e9part le 17 f\u00e9vrier prochain, il a fallu 1 an de pr\u00e9paration pour rechercher des sponsors, organiser des collectes, pr\u00e9parer la voiture \u2026 .<\/p>\n\n\n\n<p>Vous pouvez venir assister \u00e0 leur d\u00e9part lundi 17 f\u00e9vrier 2020 \u00e0 la gare routi\u00e8re de La Fl\u00e8che.<\/p>\n\n\n\n<p>Trois \u00e9quipages partiront entre 13 h et 14 h, sinon vous pouvez les suivre sur facebook!<\/p>\n\n\n\n<p>Equipage 1226 Les as du volant<\/p>\n\n\n\n<figure class=\"wp-block-image size-large\"><img loading=\"lazy\" decoding=\"async\" width=\"768\" height=\"1024\" src=\"https:\/\/lachapelledaligne.com\/wp-content\/uploads\/2020\/02\/IMG_6025-min-768x1024.jpeg\" alt=\"\" class=\"wp-image-4428\" srcset=\"https:\/\/lachapelledaligne.com\/wp-content\/uploads\/2020\/02\/IMG_6025-min-768x1024.jpeg 768w, https:\/\/lachapelledaligne.com\/wp-content\/uploads\/2020\/02\/IMG_6025-min-225x300.jpeg 225w, https:\/\/lachapelledaligne.com\/wp-content\/uploads\/2020\/02\/IMG_6025-min-1152x1536.jpeg 1152w, https:\/\/lachapelledaligne.com\/wp-content\/uploads\/2020\/02\/IMG_6025-min-1536x2048.jpeg 1536w, https:\/\/lachapelledaligne.com\/wp-content\/uploads\/2020\/02\/IMG_6025-min-scaled.jpeg 1920w\" sizes=\"auto, (max-width: 768px) 100vw, 768px\" \/><figcaption>Morgane et Fiona au Bois des Semis<\/figcaption><\/figure>\n","protected":false},"excerpt":{"rendered":"<p>Le d\u00e9part du 4L trophy \u00e0 La Fl\u00e8che. Le 4L Trophy : 2020 Pour les deux jeunes femmes le 4L Trophy est avant tout un fabuleux d\u00e9fi, tant sur un plan humanitaire que sur un plan physique et sportif. Elles aiment l\u2019esprit du 4L Trophy : entraide, coop\u00e9ration , solidarit\u00e9 \u2026 et bien s\u00fbr le c\u00f4t\u00e9 humanitaire. La 4L sera remplie de fournitures scolaires , de denr\u00e9es alimentaires, de mat\u00e9riel de sport, de fournitures param\u00e9dicales \u2026. Mais pour arriver \u00e0 ce d\u00e9part le 17 f\u00e9vrier prochain, il a fallu 1 an de pr\u00e9paration pour rechercher des sponsors, organiser des collectes, pr\u00e9parer la voiture \u2026 . Vous pouvez venir assister \u00e0 leur d\u00e9part lundi 17 f\u00e9vrier 2020 \u00e0 la gare routi\u00e8re de La Fl\u00e8che. Trois \u00e9quipages partiront entre 13 h et 14 h, sinon vous pouvez les suivre sur facebook! Equipage 1226 Les as du volant<\/p>\n","protected":false},"author":2,"featured_media":0,"parent":0,"menu_order":0,"comment_status":"closed","ping_status":"closed","template":"","meta":{"_monsterinsights_skip_tracking":false,"_monsterinsights_sitenote_active":false,"_monsterinsights_sitenote_note":"","_monsterinsights_sitenote_category":0,"footnotes":""},"class_list":["post-3308","page","type-page","status-publish","hentry"],"_links":{"self":[{"href":"https:\/\/lachapelledaligne.com\/index.php?rest_route=\/wp\/v2\/pages\/3308","targetHints":{"allow":["GET"]}}],"collection":[{"href":"https:\/\/lachapelledaligne.com\/index.php?rest_route=\/wp\/v2\/pages"}],"about":[{"href":"https:\/\/lachapelledaligne.com\/index.php?rest_route=\/wp\/v2\/types\/page"}],"author":[{"embeddable":true,"href":"https:\/\/lachapelledaligne.com\/index.php?rest_route=\/wp\/v2\/users\/2"}],"replies":[{"embeddable":true,"href":"https:\/\/lachapelledaligne.com\/index.php?rest_route=%2Fwp%2Fv2%2Fcomments&post=3308"}],"version-history":[{"count":9,"href":"https:\/\/lachapelledaligne.com\/index.php?rest_route=\/wp\/v2\/pages\/3308\/revisions"}],"predecessor-version":[{"id":4462,"href":"https:\/\/lachapelledaligne.com\/index.php?rest_route=\/wp\/v2\/pages\/3308\/revisions\/4462"}],"wp:attachment":[{"href":"https:\/\/lachapelledaligne.com\/index.php?rest_route=%2Fwp%2Fv2%2Fmedia&parent=3308"}],"curies":[{"name":"wp","href":"https:\/\/api.w.org\/{rel}","templated":true}]}}