{"id":3899,"date":"2018-08-08T11:48:53","date_gmt":"2018-08-08T09:48:53","guid":{"rendered":"http:\/\/lachapelledaligne.com\/?page_id=3899"},"modified":"2026-01-16T12:43:01","modified_gmt":"2026-01-16T10:43:01","slug":"emplacement-des-bornes-de-tri-pour-les-dechets-recyclables","status":"publish","type":"page","link":"https:\/\/lachapelledaligne.com\/?page_id=3899","title":{"rendered":"DECHETTERIE"},"content":{"rendered":"\n<div data-wp-interactive=\"core\/file\" class=\"wp-block-file\"><object data-wp-bind--hidden=\"!state.hasPdfPreview\" hidden class=\"wp-block-file__embed\" data=\"https:\/\/lachapelledaligne.com\/wp-content\/uploads\/2026\/01\/CALENDRIER-2026.pdf\" type=\"application\/pdf\" style=\"width:100%;height:600px\" aria-label=\"Contenu embarqu\u00e9 CALENDRIER-2026.\"><\/object><a id=\"wp-block-file--media-885bd7ef-ec27-4dc1-b35d-ced37a1df9fa\" href=\"https:\/\/lachapelledaligne.com\/wp-content\/uploads\/2026\/01\/CALENDRIER-2026.pdf\">CALENDRIER-2026<\/a><a href=\"https:\/\/lachapelledaligne.com\/wp-content\/uploads\/2026\/01\/CALENDRIER-2026.pdf\" class=\"wp-block-file__button wp-element-button\" download aria-describedby=\"wp-block-file--media-885bd7ef-ec27-4dc1-b35d-ced37a1df9fa\">T\u00e9l\u00e9charger<\/a><\/div>\n\n\n\n<p>Voici le lien si vous souhaitez obtenir une carte de d\u00e9chetterie :<\/p>\n\n\n\n<p><a href=\"https:\/\/www.paysflechois.fr\/au-quotidien\/proprete-et-gestion-des-dechets\/dechetterie\/demande-de-carte-dacces-a-la-dechetterie-pour-les-particuliers\/\">Demande de carte d&rsquo;acc\u00e8s \u00e0 la d\u00e9chetterie pour les particuliers &#8211; Communaut\u00e9 de Communes du Pays fl\u00e9chois<\/a><\/p>\n\n\n\n<p>DECHETTERIE DE LA FLECHE :<\/p>\n\n\n\n<ul class=\"wp-block-list\">\n<li><strong>Horaires d\u2019hiver, du 1er octobre au 31 mars :<\/strong><br>de 9h \u00e0 11h45 et de 14h \u00e0 16h45<\/li>\n\n\n\n<li><strong>Horaires d\u2019\u00e9t\u00e9, du 1er avril au 30 septembre :<\/strong><br>de 9h \u00e0 11h45 et de 14h \u00e0 17h45<\/li>\n<\/ul>\n\n\n<p>&#8211; Les piles, les batteries ou les ampoules : vous pouvez les recycler via des fili\u00e8res sp\u00e9cialis\u00e9es. Il existe \u00e9galement de nombreux points de collecte dans les supermarch\u00e9s.<u><\/u><u><\/u><\/p>\n<p>&#8211; Les m\u00e9dicaments p\u00e9rim\u00e9s : ils doivent \u00eatre rapport\u00e9s en pharmacie, afin d\u2019avoir l\u2019<a href=\"https:\/\/www.papernest.com\/assurance-habitation\/souscrire\" target=\"_blank\" rel=\"noopener\" data-saferedirecturl=\"https:\/\/www.google.com\/url?q=https:\/\/www.papernest.com\/assurance-habitation\/souscrire&amp;source=gmail&amp;ust=1663332415311000&amp;usg=AOvVaw0GhMQ5is8CAa4OmaPmoL1j\">assurance<\/a>, qu\u2019ils soient redirig\u00e9s vers une fili\u00e8re de destruction sp\u00e9cialis\u00e9e.<u><\/u><u><\/u><\/p>\n<p>&#8211; Les d\u00e9chets d<a href=\"https:\/\/www.agence-france-electricite.fr\/electricite\/comparateur\/\" target=\"_blank\" rel=\"noopener\" data-saferedirecturl=\"https:\/\/www.google.com\/url?q=https:\/\/www.agence-france-electricite.fr\/electricite\/comparateur\/&amp;source=gmail&amp;ust=1663332415311000&amp;usg=AOvVaw3XyrHt2ADcNjqaCtj3H8Oa\">\u2019<\/a>\u00e9quipements \u00e9lectroniques : il existe des fili\u00e8res d\u00e9di\u00e9es pour ce type de d\u00e9chet. Vous pouvez les ramener \u00e0 un distributeur qui sera dans l\u2019obligation de r\u00e9cup\u00e9rer votre ancien appareil. Vous pouvez \u00e9galement en faire don \u00e0 une association, le d\u00e9poser dans une d\u00e9chetterie ou dans des points collectes pr\u00e9vus \u00e0 cet effet. Certains<a href=\"https:\/\/www.boutique-box-internet.fr\/bouygues-telecom\/service-client\/numero\/\" target=\"_blank\" rel=\"noopener\" data-saferedirecturl=\"https:\/\/www.google.com\/url?q=https:\/\/www.boutique-box-internet.fr\/bouygues-telecom\/service-client\/numero\/&amp;source=gmail&amp;ust=1663332415311000&amp;usg=AOvVaw1caYWidmGqX7eVJ_D701ny\">\u00a0op\u00e9rateurs<\/a>\u00a0mobiles r\u00e9cup\u00e8rent en boutique votre ancien t\u00e9l\u00e9phone pour le recond<a href=\"https:\/\/www.fournisseur-energie.com\/edf-demenagement\/deplacer-compteur-edf\/\" target=\"_blank\" rel=\"noopener\" data-saferedirecturl=\"https:\/\/www.google.com\/url?q=https:\/\/www.fournisseur-energie.com\/edf-demenagement\/deplacer-compteur-edf\/&amp;source=gmail&amp;ust=1663332415311000&amp;usg=AOvVaw39WT7gcGNkA-SXtlo3nJUm\">i<\/a>tionner.<u><\/u><u><\/u><\/p>\n<p>&#8211; Les huiles alimentaires : elles peuvent \u00eatre jet\u00e9es dans votre poubelle ordinaire en tr\u00e8s petite quantit\u00e9 mais il est pr\u00e9f\u00e9rable de les d\u00e9poser dans des points de collecte sp\u00e9cialis\u00e9s.<u><\/u><u><\/u><\/p>\n<p>&#8211; Les huiles de moteurs et autres huiles de v<a href=\"https:\/\/www.papernest.com\/assurance-habitation\/appartement\/\" target=\"_blank\" rel=\"noopener\" data-saferedirecturl=\"https:\/\/www.google.com\/url?q=https:\/\/www.papernest.com\/assurance-habitation\/appartement\/&amp;source=gmail&amp;ust=1663332415311000&amp;usg=AOvVaw1v9JocQOh8_ZP9VoL7Ekv1\">i<\/a>dange : vous pouvez les jeter dans des points de collecte sp\u00e9cifiques ou bien chez un garagiste.<u><\/u><u><\/u><\/p>\n<p>&#8211; Les pneus : ils doivent \u00eatre ramen\u00e9s chez un garagiste ou en d\u00e9chetterie. N\u2019h\u00e9sitez pas \u00e0<a href=\"https:\/\/www.agence-france-electricite.fr\/direct-energie\/contacter\/numero\/\" target=\"_blank\" rel=\"noopener\" data-saferedirecturl=\"https:\/\/www.google.com\/url?q=https:\/\/www.agence-france-electricite.fr\/direct-energie\/contacter\/numero\/&amp;source=gmail&amp;ust=1663332415311000&amp;usg=AOvVaw0BZKfCiWPL2i2EA2tlKg-y\">\u00a0contacter<\/a>\u00a0votre garagiste \u00e0 l\u2019avance pour \u00eatre s\u00fbr qu<a href=\"https:\/\/www.boutique-box-internet.fr\/offres\/sans-engagement\/\" target=\"_blank\" rel=\"noopener\" data-saferedirecturl=\"https:\/\/www.google.com\/url?q=https:\/\/www.boutique-box-internet.fr\/offres\/sans-engagement\/&amp;source=gmail&amp;ust=1663332415311000&amp;usg=AOvVaw1_yIom2fx8lBTjcwqDyxpf\">\u2019<\/a>il reprend bien les anciens pneus.<u><\/u><u><\/u><\/p>\n<p><u><\/u>\u00a0<u><\/u><\/p>\n<p>En d\u00e9posant vos d\u00e9chets au bon endroit, vous contribuez \u00e0 la protection de l&rsquo;environnement. Vous contribuez \u00e9galement au bon fonctionnement de vos installations municipales ainsi qu&rsquo;\u00e0 la s\u00e9curit\u00e9 des employ\u00e9s qui y travaillent.<\/p>\n\n\n<figure class=\"wp-block-image size-full\"><img loading=\"lazy\" decoding=\"async\" width=\"1000\" height=\"600\" src=\"https:\/\/lachapelledaligne.com\/wp-content\/uploads\/2022\/09\/tri-selectif.jpg\" alt=\"\" class=\"wp-image-5024\" srcset=\"https:\/\/lachapelledaligne.com\/wp-content\/uploads\/2022\/09\/tri-selectif.jpg 1000w, https:\/\/lachapelledaligne.com\/wp-content\/uploads\/2022\/09\/tri-selectif-300x180.jpg 300w, https:\/\/lachapelledaligne.com\/wp-content\/uploads\/2022\/09\/tri-selectif-768x461.jpg 768w\" sizes=\"auto, (max-width: 1000px) 100vw, 1000px\" \/><figcaption class=\"wp-element-caption\"><strong>Le tri , c&rsquo;est l&rsquo;affaire de tous !!!<\/strong><\/figcaption><\/figure>\n\n\n\n<div data-wp-interactive=\"core\/file\" class=\"wp-block-file\"><object data-wp-bind--hidden=\"!state.hasPdfPreview\" hidden class=\"wp-block-file__embed\" data=\"https:\/\/lachapelledaligne.com\/wp-content\/uploads\/2025\/11\/CALENDRIER-2026-1.pdf\" type=\"application\/pdf\" style=\"width:100%;height:600px\" aria-label=\"Contenu embarqu\u00e9 CALENDRIER 2026.\"><\/object><a id=\"wp-block-file--media-3b82b9dc-b5e0-4697-9034-30310086afb6\" href=\"https:\/\/lachapelledaligne.com\/wp-content\/uploads\/2025\/11\/CALENDRIER-2026-1.pdf\">CALENDRIER 2026<\/a><a href=\"https:\/\/lachapelledaligne.com\/wp-content\/uploads\/2025\/11\/CALENDRIER-2026-1.pdf\" class=\"wp-block-file__button wp-element-button\" download aria-describedby=\"wp-block-file--media-3b82b9dc-b5e0-4697-9034-30310086afb6\">T\u00e9l\u00e9charger<\/a><\/div>\n","protected":false},"excerpt":{"rendered":"<p>Voici le lien si vous souhaitez obtenir une carte de d\u00e9chetterie : Demande de carte d&rsquo;acc\u00e8s \u00e0 la d\u00e9chetterie pour les particuliers &#8211; Communaut\u00e9 de Communes du Pays fl\u00e9chois DECHETTERIE DE LA FLECHE : &#8211; Les piles, les batteries ou les ampoules : vous pouvez les recycler via des fili\u00e8res sp\u00e9cialis\u00e9es. Il existe \u00e9galement de nombreux points de collecte dans les supermarch\u00e9s. &#8211; Les m\u00e9dicaments p\u00e9rim\u00e9s : ils doivent \u00eatre rapport\u00e9s en pharmacie, afin d\u2019avoir l\u2019assurance, qu\u2019ils soient redirig\u00e9s vers une fili\u00e8re de destruction sp\u00e9cialis\u00e9e. &#8211; Les d\u00e9chets d\u2019\u00e9quipements \u00e9lectroniques : il existe des fili\u00e8res d\u00e9di\u00e9es pour ce type de d\u00e9chet. Vous pouvez les ramener \u00e0 un distributeur qui sera dans l\u2019obligation de r\u00e9cup\u00e9rer votre ancien appareil. Vous pouvez \u00e9galement en faire don \u00e0 une association, le d\u00e9poser dans une d\u00e9chetterie ou dans des points collectes pr\u00e9vus \u00e0 cet effet. Certains\u00a0op\u00e9rateurs\u00a0mobiles r\u00e9cup\u00e8rent en boutique votre ancien t\u00e9l\u00e9phone pour le reconditionner. &#8211; Les huiles alimentaires : elles peuvent \u00eatre jet\u00e9es dans votre poubelle ordinaire en tr\u00e8s petite quantit\u00e9 mais il est pr\u00e9f\u00e9rable de les d\u00e9poser dans des points de collecte sp\u00e9cialis\u00e9s. &#8211; Les huiles de moteurs et autres huiles de vidange : vous pouvez les jeter dans des points de collecte sp\u00e9cifiques ou bien chez un garagiste. &#8211; Les pneus : ils doivent \u00eatre ramen\u00e9s chez un garagiste ou en d\u00e9chetterie. N\u2019h\u00e9sitez pas \u00e0\u00a0contacter\u00a0votre garagiste \u00e0 l\u2019avance pour \u00eatre s\u00fbr qu\u2019il reprend bien les anciens pneus. \u00a0 En d\u00e9posant vos d\u00e9chets au bon endroit, vous contribuez \u00e0 la protection de l&rsquo;environnement. Vous contribuez \u00e9galement au bon fonctionnement de vos installations municipales ainsi qu&rsquo;\u00e0 la s\u00e9curit\u00e9 des employ\u00e9s qui y travaillent.<\/p>\n","protected":false},"author":2,"featured_media":0,"parent":57,"menu_order":0,"comment_status":"closed","ping_status":"closed","template":"","meta":{"_monsterinsights_skip_tracking":false,"_monsterinsights_sitenote_active":false,"_monsterinsights_sitenote_note":"","_monsterinsights_sitenote_category":0,"footnotes":""},"class_list":["post-3899","page","type-page","status-publish","hentry"],"_links":{"self":[{"href":"https:\/\/lachapelledaligne.com\/index.php?rest_route=\/wp\/v2\/pages\/3899","targetHints":{"allow":["GET"]}}],"collection":[{"href":"https:\/\/lachapelledaligne.com\/index.php?rest_route=\/wp\/v2\/pages"}],"about":[{"href":"https:\/\/lachapelledaligne.com\/index.php?rest_route=\/wp\/v2\/types\/page"}],"author":[{"embeddable":true,"href":"https:\/\/lachapelledaligne.com\/index.php?rest_route=\/wp\/v2\/users\/2"}],"replies":[{"embeddable":true,"href":"https:\/\/lachapelledaligne.com\/index.php?rest_route=%2Fwp%2Fv2%2Fcomments&post=3899"}],"version-history":[{"count":12,"href":"https:\/\/lachapelledaligne.com\/index.php?rest_route=\/wp\/v2\/pages\/3899\/revisions"}],"predecessor-version":[{"id":5606,"href":"https:\/\/lachapelledaligne.com\/index.php?rest_route=\/wp\/v2\/pages\/3899\/revisions\/5606"}],"up":[{"embeddable":true,"href":"https:\/\/lachapelledaligne.com\/index.php?rest_route=\/wp\/v2\/pages\/57"}],"wp:attachment":[{"href":"https:\/\/lachapelledaligne.com\/index.php?rest_route=%2Fwp%2Fv2%2Fmedia&parent=3899"}],"curies":[{"name":"wp","href":"https:\/\/api.w.org\/{rel}","templated":true}]}}