{"id":57,"date":"2017-09-14T16:13:09","date_gmt":"2017-09-14T14:13:09","guid":{"rendered":"http:\/\/lachapelledaligne.com\/?page_id=57"},"modified":"2026-01-22T14:14:28","modified_gmt":"2026-01-22T12:14:28","slug":"equipement-de-la-commune","status":"publish","type":"page","link":"https:\/\/lachapelledaligne.com\/?page_id=57","title":{"rendered":"Equipements de la commune"},"content":{"rendered":"\n<ul class=\"wp-block-list has-cyan-bluish-gray-background-color has-background\">\n<li>\u00c9cole<\/li>\n\n\n\n<li>Terrain multisports<\/li>\n<\/ul>\n\n\n<div class=\"wp-block-image\">\n<figure class=\"aligncenter\"><a href=\"https:\/\/lachapelledaligne.com\/wp-content\/uploads\/2009\/09\/Sans-titre.jpg\"><img loading=\"lazy\" decoding=\"async\" width=\"300\" height=\"118\" src=\"https:\/\/lachapelledaligne.com\/wp-content\/uploads\/2009\/09\/Sans-titre-300x118.jpg\" alt=\"Sans titre\" class=\"wp-image-2339\" srcset=\"https:\/\/lachapelledaligne.com\/wp-content\/uploads\/2009\/09\/Sans-titre-300x118.jpg 300w, https:\/\/lachapelledaligne.com\/wp-content\/uploads\/2009\/09\/Sans-titre-1024x404.jpg 1024w, https:\/\/lachapelledaligne.com\/wp-content\/uploads\/2009\/09\/Sans-titre.jpg 1163w\" sizes=\"auto, (max-width: 300px) 100vw, 300px\" \/><\/a><\/figure>\n<\/div>\n\n<div class=\"wp-block-image\">\n<figure class=\"aligncenter\"><a href=\"https:\/\/lachapelledaligne.com\/wp-content\/uploads\/2009\/09\/Sans-titre2.jpg\"><img loading=\"lazy\" decoding=\"async\" width=\"300\" height=\"130\" src=\"https:\/\/lachapelledaligne.com\/wp-content\/uploads\/2009\/09\/Sans-titre2-300x130.jpg\" alt=\"Sans titre2\" class=\"wp-image-2340\" srcset=\"https:\/\/lachapelledaligne.com\/wp-content\/uploads\/2009\/09\/Sans-titre2-300x130.jpg 300w, https:\/\/lachapelledaligne.com\/wp-content\/uploads\/2009\/09\/Sans-titre2-1024x444.jpg 1024w, https:\/\/lachapelledaligne.com\/wp-content\/uploads\/2009\/09\/Sans-titre2.jpg 1161w\" sizes=\"auto, (max-width: 300px) 100vw, 300px\" \/><\/a><\/figure>\n<\/div>\n\n\n<div> <\/div>\n\n\n\n<ul class=\"wp-block-list has-pale-cyan-blue-background-color has-background\">\n<li>Terrain de sport et tennis<\/li>\n\n\n\n<li>Une piste VTT au bois des semis<\/li>\n<\/ul>\n\n\n<div class=\"wp-block-image\">\n<figure class=\"aligncenter\"><a href=\"https:\/\/lachapelledaligne.com\/?attachment_id=2636\" rel=\"attachment wp-att-2636\"><img loading=\"lazy\" decoding=\"async\" width=\"300\" height=\"215\" src=\"https:\/\/lachapelledaligne.com\/wp-content\/uploads\/2014\/10\/plan-du-parcours-VTT-300x215.jpg\" alt=\"\" class=\"wp-image-2636\" srcset=\"https:\/\/lachapelledaligne.com\/wp-content\/uploads\/2014\/10\/plan-du-parcours-VTT-300x215.jpg 300w, https:\/\/lachapelledaligne.com\/wp-content\/uploads\/2014\/10\/plan-du-parcours-VTT-768x551.jpg 768w, https:\/\/lachapelledaligne.com\/wp-content\/uploads\/2014\/10\/plan-du-parcours-VTT-1024x735.jpg 1024w, https:\/\/lachapelledaligne.com\/wp-content\/uploads\/2014\/10\/plan-du-parcours-VTT.jpg 1152w\" sizes=\"auto, (max-width: 300px) 100vw, 300px\" \/><\/a><\/figure>\n<\/div>\n\n\n<ul class=\"wp-block-list has-cyan-bluish-gray-background-color has-background\">\n<li>Salle des F\u00eates et parking<\/li>\n\n\n\n<li>\u00ab La Clargerie \u00bb et espaces verts<\/li>\n\n\n\n<li>Boule de Fort<\/li>\n<\/ul>\n\n\n\n<figure class=\"wp-block-gallery has-nested-images columns-3 is-cropped wp-block-gallery-1 is-layout-flex wp-block-gallery-is-layout-flex\">\n<figure class=\"wp-block-image size-large\"><a href=\"https:\/\/lachapelledaligne.com\/?attachment_id=3372\"><img loading=\"lazy\" decoding=\"async\" width=\"1024\" height=\"683\" data-id=\"3372\" src=\"https:\/\/lachapelledaligne.com\/wp-content\/uploads\/2018\/03\/IMG_5574-1024x683.jpg\" alt=\"\" class=\"wp-image-3372\" srcset=\"https:\/\/lachapelledaligne.com\/wp-content\/uploads\/2018\/03\/IMG_5574-1024x683.jpg 1024w, https:\/\/lachapelledaligne.com\/wp-content\/uploads\/2018\/03\/IMG_5574-300x200.jpg 300w, https:\/\/lachapelledaligne.com\/wp-content\/uploads\/2018\/03\/IMG_5574-768x512.jpg 768w\" sizes=\"auto, (max-width: 1024px) 100vw, 1024px\" \/><\/a><\/figure>\n\n\n\n<figure class=\"wp-block-image size-large\"><a href=\"https:\/\/lachapelledaligne.com\/?attachment_id=3373\"><img loading=\"lazy\" decoding=\"async\" width=\"1024\" height=\"683\" data-id=\"3373\" src=\"https:\/\/lachapelledaligne.com\/wp-content\/uploads\/2018\/03\/IMG_5577-1024x683.jpg\" alt=\"\" class=\"wp-image-3373\" srcset=\"https:\/\/lachapelledaligne.com\/wp-content\/uploads\/2018\/03\/IMG_5577-1024x683.jpg 1024w, https:\/\/lachapelledaligne.com\/wp-content\/uploads\/2018\/03\/IMG_5577-300x200.jpg 300w, https:\/\/lachapelledaligne.com\/wp-content\/uploads\/2018\/03\/IMG_5577-768x512.jpg 768w\" sizes=\"auto, (max-width: 1024px) 100vw, 1024px\" \/><\/a><\/figure>\n<\/figure>\n\n\n\n<ul class=\"wp-block-list has-pale-pink-background-color has-background\">\n<li>Bois Communal \u00ab Les Semis \u00bb (11 ha, promenade et pique-nique)<\/li>\n\n\n\n<li>30 Km de petites routes propices au jogging et au cyclisme<\/li>\n\n\n\n<li>Mairie : salle de r\u00e9unions.<\/li>\n\n\n\n<li>Sentier p\u00e9destre.<\/li>\n\n\n\n<li>Pharmacie<\/li>\n\n\n\n<li>Coiffeur<\/li>\n\n\n\n<li>boulangerie &#8211; p\u00e2tisserie et boucherie &#8211; \u00e9picerie<\/li>\n\n\n\n<li>cabinet m\u00e9dical avec  m\u00e9decins g\u00e9n\u00e9ralistes<\/li>\n\n\n\n<li>cabinet infirmier<\/li>\n\n\n\n<li>cabinet d&rsquo;orthophonistes<\/li>\n\n\n\n<li>cabinet d&rsquo;infirmi\u00e8res de Pr\u00e9cign\u00e9 (visite \u00e0 domicile sur la commune)<\/li>\n\n\n\n<li>Salle commune pour personne \u00e2g\u00e9es (Salle Tribondeau)<\/li>\n<\/ul>\n\n\n\n<p class=\"has-pale-cyan-blue-background-color has-background\">Terrains \u00e0 b\u00e2tir, autres terrains, maisons \u00e0 vendre ou \u00e0 louer se renseigner en Mairie.<\/p>\n\n\n\n<p class=\"has-luminous-vivid-amber-background-color has-background\">Un parcours de sant\u00e9 dans les Bois des Semis et une tyrolienne<\/p>\n\n\n\n<figure class=\"wp-block-image size-large is-resized\"><img loading=\"lazy\" decoding=\"async\" width=\"683\" height=\"1024\" src=\"https:\/\/lachapelledaligne.com\/wp-content\/uploads\/2021\/10\/IMG_7924-683x1024.jpg\" alt=\"\" class=\"wp-image-4806\" style=\"width:171px;height:256px\" srcset=\"https:\/\/lachapelledaligne.com\/wp-content\/uploads\/2021\/10\/IMG_7924-683x1024.jpg 683w, https:\/\/lachapelledaligne.com\/wp-content\/uploads\/2021\/10\/IMG_7924-200x300.jpg 200w, https:\/\/lachapelledaligne.com\/wp-content\/uploads\/2021\/10\/IMG_7924-768x1152.jpg 768w, https:\/\/lachapelledaligne.com\/wp-content\/uploads\/2021\/10\/IMG_7924-1024x1536.jpg 1024w, https:\/\/lachapelledaligne.com\/wp-content\/uploads\/2021\/10\/IMG_7924-rotated.jpg 1280w\" sizes=\"auto, (max-width: 683px) 100vw, 683px\" \/><\/figure>\n\n\n\n<p>SALLE DES FETES &#8211; RUE DE TOURAINE &#8211; Environ 250 personnes assises<\/p>\n\n\n\n<figure class=\"wp-block-image size-full\"><img loading=\"lazy\" decoding=\"async\" width=\"832\" height=\"560\" src=\"https:\/\/lachapelledaligne.com\/wp-content\/uploads\/2026\/01\/image.png\" alt=\"\" class=\"wp-image-5594\" srcset=\"https:\/\/lachapelledaligne.com\/wp-content\/uploads\/2026\/01\/image.png 832w, https:\/\/lachapelledaligne.com\/wp-content\/uploads\/2026\/01\/image-300x202.png 300w, https:\/\/lachapelledaligne.com\/wp-content\/uploads\/2026\/01\/image-768x517.png 768w\" sizes=\"auto, (max-width: 832px) 100vw, 832px\" \/><\/figure>\n\n\n\n<p>SALLE DE LA CLARGERIE &#8211; PLACE DE L EGLISE &#8211; ENVIRON 70 PERSONNES ASSISSES<\/p>\n\n\n\n<figure class=\"wp-block-image size-full\"><img loading=\"lazy\" decoding=\"async\" width=\"822\" height=\"475\" src=\"https:\/\/lachapelledaligne.com\/wp-content\/uploads\/2026\/01\/image-1.png\" alt=\"\" class=\"wp-image-5596\" srcset=\"https:\/\/lachapelledaligne.com\/wp-content\/uploads\/2026\/01\/image-1.png 822w, https:\/\/lachapelledaligne.com\/wp-content\/uploads\/2026\/01\/image-1-300x173.png 300w, https:\/\/lachapelledaligne.com\/wp-content\/uploads\/2026\/01\/image-1-768x444.png 768w\" sizes=\"auto, (max-width: 822px) 100vw, 822px\" \/><\/figure>\n\n\n\n<div data-wp-interactive=\"core\/file\" class=\"wp-block-file\"><object data-wp-bind--hidden=\"!state.hasPdfPreview\" hidden class=\"wp-block-file__embed\" data=\"https:\/\/lachapelledaligne.com\/wp-content\/uploads\/2026\/01\/Flyer_72_2026.pdf\" type=\"application\/pdf\" style=\"width:100%;height:600px\" aria-label=\"Contenu embarqu\u00e9 Flyer_72_2026.\"><\/object><a id=\"wp-block-file--media-9ee122d7-8b3d-413f-a009-ba80f6ef761d\" href=\"https:\/\/lachapelledaligne.com\/wp-content\/uploads\/2026\/01\/Flyer_72_2026.pdf\">Flyer_72_2026<\/a><a href=\"https:\/\/lachapelledaligne.com\/wp-content\/uploads\/2026\/01\/Flyer_72_2026.pdf\" class=\"wp-block-file__button wp-element-button\" download aria-describedby=\"wp-block-file--media-9ee122d7-8b3d-413f-a009-ba80f6ef761d\">T\u00e9l\u00e9charger<\/a><\/div>\n\n\n\n<div data-wp-interactive=\"core\/file\" class=\"wp-block-file\"><object data-wp-bind--hidden=\"!state.hasPdfPreview\" hidden class=\"wp-block-file__embed\" data=\"https:\/\/lachapelledaligne.com\/wp-content\/uploads\/2026\/01\/Valeurs-forfaitaires-applicables-2022-2026.pdf\" type=\"application\/pdf\" style=\"width:100%;height:600px\" aria-label=\"Contenu embarqu\u00e9 Valeurs forfaitaires applicables 2022-2026.\"><\/object><a id=\"wp-block-file--media-ae9c267b-c9d9-49fa-ba4a-39b77d8c69e8\" href=\"https:\/\/lachapelledaligne.com\/wp-content\/uploads\/2026\/01\/Valeurs-forfaitaires-applicables-2022-2026.pdf\">Valeurs forfaitaires applicables 2022-2026<\/a><a href=\"https:\/\/lachapelledaligne.com\/wp-content\/uploads\/2026\/01\/Valeurs-forfaitaires-applicables-2022-2026.pdf\" class=\"wp-block-file__button wp-element-button\" download aria-describedby=\"wp-block-file--media-ae9c267b-c9d9-49fa-ba4a-39b77d8c69e8\">T\u00e9l\u00e9charger<\/a><\/div>\n","protected":false},"excerpt":{"rendered":"<p>Terrains \u00e0 b\u00e2tir, autres terrains, maisons \u00e0 vendre ou \u00e0 louer se renseigner en Mairie. Un parcours de sant\u00e9 dans les Bois des Semis et une tyrolienne SALLE DES FETES &#8211; RUE DE TOURAINE &#8211; Environ 250 personnes assises SALLE DE LA CLARGERIE &#8211; PLACE DE L EGLISE &#8211; ENVIRON 70 PERSONNES ASSISSES<\/p>\n","protected":false},"author":3,"featured_media":0,"parent":0,"menu_order":4,"comment_status":"closed","ping_status":"closed","template":"","meta":{"_monsterinsights_skip_tracking":false,"_monsterinsights_sitenote_active":false,"_monsterinsights_sitenote_note":"","_monsterinsights_sitenote_category":0,"footnotes":""},"class_list":["post-57","page","type-page","status-publish","hentry"],"_links":{"self":[{"href":"https:\/\/lachapelledaligne.com\/index.php?rest_route=\/wp\/v2\/pages\/57","targetHints":{"allow":["GET"]}}],"collection":[{"href":"https:\/\/lachapelledaligne.com\/index.php?rest_route=\/wp\/v2\/pages"}],"about":[{"href":"https:\/\/lachapelledaligne.com\/index.php?rest_route=\/wp\/v2\/types\/page"}],"author":[{"embeddable":true,"href":"https:\/\/lachapelledaligne.com\/index.php?rest_route=\/wp\/v2\/users\/3"}],"replies":[{"embeddable":true,"href":"https:\/\/lachapelledaligne.com\/index.php?rest_route=%2Fwp%2Fv2%2Fcomments&post=57"}],"version-history":[{"count":23,"href":"https:\/\/lachapelledaligne.com\/index.php?rest_route=\/wp\/v2\/pages\/57\/revisions"}],"predecessor-version":[{"id":5613,"href":"https:\/\/lachapelledaligne.com\/index.php?rest_route=\/wp\/v2\/pages\/57\/revisions\/5613"}],"wp:attachment":[{"href":"https:\/\/lachapelledaligne.com\/index.php?rest_route=%2Fwp%2Fv2%2Fmedia&parent=57"}],"curies":[{"name":"wp","href":"https:\/\/api.w.org\/{rel}","templated":true}]}}