{"id":85,"date":"2017-09-15T14:14:02","date_gmt":"2017-09-15T12:14:02","guid":{"rendered":"http:\/\/lachapelledaligne.com\/?page_id=85"},"modified":"2025-01-28T17:11:58","modified_gmt":"2025-01-28T15:11:58","slug":"services","status":"publish","type":"page","link":"https:\/\/lachapelledaligne.com\/?page_id=85","title":{"rendered":"Sant\u00e9"},"content":{"rendered":"\n<p><strong> KINESITHERAPEUTES : MONSIEUR ET MADAME KARAS <\/strong><\/p>\n\n\n\n<p>Vous pouvez prendre rdv au 06 86 73 43 30 <\/p>\n\n\n\n<p><strong>ORTHOPHONISTES : MESDAMES CORPEL ET LE TOUX<\/strong><\/p>\n\n\n\n<p>Voici le lien pour s\u2019inscrire sur  liste d\u2019attente &nbsp;<a href=\"https:\/\/perfactive.fr\/list\/lucie-corpel\" target=\"_blank\" rel=\"noreferrer noopener\">https:\/\/perfactive.fr\/list\/lucie-corpel<\/a><\/p>\n\n\n\n<p>OU se rendre sur le site Perfactive puis chercher CORPEL ou LE TOUX<\/p>\n\n\n\n<p>Les num\u00e9ros \u00e0 destination des patients&nbsp;: Lucie Corpel 06 08 93 13 04 ou Ma\u00eblle Le Toux 06 30 09 66 21<\/p>\n\n\n\n<p><\/p>\n\n\n\n<h2 class=\"wp-block-heading has-pale-cyan-blue-background-color has-background\">Une sophrologue sur notre commune.<\/h2>\n\n\n\n<p><a href=\"https:\/\/www.corinna-esther.com\/prendre-rendez-vous-sophrologue-en-sarthe\">https:\/\/www.corinna-esther.com\/prendre-rendez-vous-sophrologue-en-sarthe<\/a><\/p>\n\n\n\n<p><a href=\"https:\/\/www.facebook.com\/CorinnaEstherSophrologue\/\">https:\/\/www.facebook.com\/CorinnaEstherSophrologue\/<\/a><\/p>\n\n\n\n<figure class=\"wp-block-gallery has-nested-images columns-default is-cropped wp-block-gallery-1 is-layout-flex wp-block-gallery-is-layout-flex\">\n<figure class=\"wp-block-image size-large\"><img loading=\"lazy\" decoding=\"async\" width=\"1024\" height=\"714\" data-id=\"5080\" src=\"https:\/\/lachapelledaligne.com\/wp-content\/uploads\/2023\/05\/pour-la-chapelle-2023-Avril-1024x714.png\" alt=\"\" class=\"wp-image-5080\" srcset=\"https:\/\/lachapelledaligne.com\/wp-content\/uploads\/2023\/05\/pour-la-chapelle-2023-Avril-1024x714.png 1024w, https:\/\/lachapelledaligne.com\/wp-content\/uploads\/2023\/05\/pour-la-chapelle-2023-Avril-300x209.png 300w, https:\/\/lachapelledaligne.com\/wp-content\/uploads\/2023\/05\/pour-la-chapelle-2023-Avril-768x535.png 768w, https:\/\/lachapelledaligne.com\/wp-content\/uploads\/2023\/05\/pour-la-chapelle-2023-Avril-1536x1071.png 1536w, https:\/\/lachapelledaligne.com\/wp-content\/uploads\/2023\/05\/pour-la-chapelle-2023-Avril-1140x795.png 1140w, https:\/\/lachapelledaligne.com\/wp-content\/uploads\/2023\/05\/pour-la-chapelle-2023-Avril.png 1559w\" sizes=\"auto, (max-width: 1024px) 100vw, 1024px\" \/><\/figure>\n<\/figure>\n\n\n\n<p><\/p>\n\n\n<h4>\u00a0<\/h4>\n<h4><span style=\"color: #800080;\">Cabinet m\u00e9dical :\u00a0<\/span><\/h4>\n<h5><span style=\"color: #000000;\">M\u00e9decins : Mr MARVAKOV Yan\u00e9 : <span style=\"color: #008080;\">02 43 45 10 10<\/span><\/span><\/h5>\n<h4><span style=\"color: #000000;\"><strong>\u00a0Madame Lucie DOUILLARD <\/strong>:<strong> 02 43 45 10 10\u00a0<\/strong><\/span><\/h4>\n<h4>(cliquez sur le lien):<a href=\"https:\/\/www.mondocteur.fr\/recherche\/generaliste.html\">Prise de rendez-vous par internet<\/a><\/h4>\n<h4><span style=\"color: #800080;\"><strong>INFIRMIER LIBERAL M. Thomas DEJONGHE<\/strong><\/span><\/h4>\n<p>23 Rue Saint-Jean 06 51 50 31 37<\/p>\n<div class=\"lgb_logotitle\">\n<div class=\"lgb_titleatt\">\n<h4><span style=\"color: #800080;\">Cabinet d&rsquo;Infirmi\u00e8res Lib\u00e9rales de Pr\u00e9cign\u00e9 : 02-43-95-89-75<\/span><\/h4>\n<p>39 rue Abb\u00e9 Louis Chevallier 72300 Pr\u00e9cign\u00e9\u00a0<\/p>\n<p>\u00a0-&gt; d\u00e9placement \u00e0 domicile possible sur la commune de La Chapelle d&rsquo;Align\u00e9<\/p>\n<h5><span style=\"color: #800080;\">Pharmacien : Mme BRIANCEAU<\/span><span style=\"color: revert; font-size: revert; font-weight: revert;\"> : 02-43-45-54-00<\/span><\/h5>\n<p>Avenue du Poirier Rouge. <span style=\"font-size: revert; color: initial;\">Ouverte de 9h00 \u00e0 12h00 et de 14h15 \u00e0 19h00, du lundi au vendredi et le samedi matin &#8211; mercredi fermeture \u00e0 18H30<\/span><\/p>\n<\/div>\n<\/div>\n<ul>\n<li>\n<h5><span style=\"color: #339966;\">Centre hospitalier du Bailleul : 02 44 71 30 00<\/span><\/h5>\n<\/li>\n<li>\n<h5><span style=\"color: #ff6600;\">Assistante sociale : Mme SAMAIN,\u00a0 avec ou sans rendez-vous, se renseigner en mairie pour les permanences.<\/span><\/h5>\n<\/li>\n<li>Services postaux :\u00a0<a href=\"https:\/\/tarifs-postaux.fr\/\">https:\/\/tarifs-postaux.fr\/<\/a><a href=\"https:\/\/lachapelledaligne.com\/?attachment_id=3875\" rel=\"attachment wp-att-3875\"><img loading=\"lazy\" decoding=\"async\" class=\"aligncenter size-medium wp-image-3875\" src=\"https:\/\/lachapelledaligne.com\/wp-content\/uploads\/2018\/07\/Logo-laposte-300x225.png\" alt=\"\" width=\"300\" height=\"225\" srcset=\"https:\/\/lachapelledaligne.com\/wp-content\/uploads\/2018\/07\/Logo-laposte-300x225.png 300w, https:\/\/lachapelledaligne.com\/wp-content\/uploads\/2018\/07\/Logo-laposte.png 567w\" sizes=\"auto, (max-width: 300px) 100vw, 300px\" \/><\/a><\/li>\n<\/ul>","protected":false},"excerpt":{"rendered":"<p>KINESITHERAPEUTES : MONSIEUR ET MADAME KARAS Vous pouvez prendre rdv au 06 86 73 43 30 ORTHOPHONISTES : MESDAMES CORPEL ET LE TOUX Voici le lien pour s\u2019inscrire sur liste d\u2019attente &nbsp;https:\/\/perfactive.fr\/list\/lucie-corpel OU se rendre sur le site Perfactive puis chercher CORPEL ou LE TOUX Les num\u00e9ros \u00e0 destination des patients&nbsp;: Lucie Corpel 06 08 93 13 04 ou Ma\u00eblle Le Toux 06 30 09 66 21 Une sophrologue sur notre commune. https:\/\/www.corinna-esther.com\/prendre-rendez-vous-sophrologue-en-sarthe https:\/\/www.facebook.com\/CorinnaEstherSophrologue\/ \u00a0 Cabinet m\u00e9dical :\u00a0 M\u00e9decins : Mr MARVAKOV Yan\u00e9 : 02 43 45 10 10 \u00a0Madame Lucie DOUILLARD : 02 43 45 10 10\u00a0 (cliquez sur le lien):Prise de rendez-vous par internet INFIRMIER LIBERAL M. Thomas DEJONGHE 23 Rue Saint-Jean 06 51 50 31 37 Cabinet d&rsquo;Infirmi\u00e8res Lib\u00e9rales de Pr\u00e9cign\u00e9 : 02-43-95-89-75 39 rue Abb\u00e9 Louis Chevallier 72300 Pr\u00e9cign\u00e9\u00a0 \u00a0-&gt; d\u00e9placement \u00e0 domicile possible sur la commune de La Chapelle d&rsquo;Align\u00e9 Pharmacien : Mme BRIANCEAU : 02-43-45-54-00 Avenue du Poirier Rouge. Ouverte de 9h00 \u00e0 12h00 et de 14h15 \u00e0 19h00, du lundi au vendredi et le samedi matin &#8211; mercredi fermeture \u00e0 18H30 Centre hospitalier du Bailleul : 02 44 71 30 00 Assistante sociale : Mme SAMAIN,\u00a0 avec ou sans rendez-vous, se renseigner en mairie pour les permanences. Services postaux :\u00a0https:\/\/tarifs-postaux.fr\/<\/p>\n","protected":false},"author":3,"featured_media":0,"parent":0,"menu_order":11,"comment_status":"closed","ping_status":"closed","template":"","meta":{"_monsterinsights_skip_tracking":false,"_monsterinsights_sitenote_active":false,"_monsterinsights_sitenote_note":"","_monsterinsights_sitenote_category":0,"footnotes":""},"class_list":["post-85","page","type-page","status-publish","hentry"],"_links":{"self":[{"href":"https:\/\/lachapelledaligne.com\/index.php?rest_route=\/wp\/v2\/pages\/85","targetHints":{"allow":["GET"]}}],"collection":[{"href":"https:\/\/lachapelledaligne.com\/index.php?rest_route=\/wp\/v2\/pages"}],"about":[{"href":"https:\/\/lachapelledaligne.com\/index.php?rest_route=\/wp\/v2\/types\/page"}],"author":[{"embeddable":true,"href":"https:\/\/lachapelledaligne.com\/index.php?rest_route=\/wp\/v2\/users\/3"}],"replies":[{"embeddable":true,"href":"https:\/\/lachapelledaligne.com\/index.php?rest_route=%2Fwp%2Fv2%2Fcomments&post=85"}],"version-history":[{"count":73,"href":"https:\/\/lachapelledaligne.com\/index.php?rest_route=\/wp\/v2\/pages\/85\/revisions"}],"predecessor-version":[{"id":5428,"href":"https:\/\/lachapelledaligne.com\/index.php?rest_route=\/wp\/v2\/pages\/85\/revisions\/5428"}],"wp:attachment":[{"href":"https:\/\/lachapelledaligne.com\/index.php?rest_route=%2Fwp%2Fv2%2Fmedia&parent=85"}],"curies":[{"name":"wp","href":"https:\/\/api.w.org\/{rel}","templated":true}]}}