{"id":9,"date":"2017-09-10T10:06:44","date_gmt":"2017-09-10T08:06:44","guid":{"rendered":"http:\/\/lachapelledaligne.com\/?page_id=9"},"modified":"2024-12-30T11:39:35","modified_gmt":"2024-12-30T09:39:35","slug":"les-associations","status":"publish","type":"page","link":"https:\/\/lachapelledaligne.com\/?page_id=9","title":{"rendered":"Nos associations"},"content":{"rendered":"\n<h2 class=\"wp-block-heading has-pale-cyan-blue-background-color has-background\">Nouvelle association : <\/h2>\n\n\n\n<p class=\"has-pale-cyan-blue-background-color has-background\"><strong>Les Guibolles :<\/strong> Pr\u00e9sident : Mr LIOT LUDOVIC<\/p>\n\n\n\n<ul class=\"wp-block-list has-pale-cyan-blue-background-color has-background\">\n<li><h6><span style=\"color: #800080;\">Comit\u00e9 des F\u00eates<\/span> : pr\u00e9sident M. MALQUET Mickael<\/h6> <\/li>\n\n\n\n<li><span style=\"font-size: revert; font-weight: revert; color: rgb(153, 204, 0);\">Animations et Loisirs,<span style=\"color: #000000;\"> section danse (jeunes et adultes),<\/span><\/span><span style=\"color: revert; font-size: revert; font-weight: revert;\"> Gymnastique volontaire, , Bridge, Scrabooking,\u00a0Art Floral , encadrement, cartonnage, Zumba,\u00a0 : pr\u00e9sidente Mme Houillon <\/span><\/li>\n<\/ul>\n\n\n\n<div><figure><a href=\"https:\/\/lachapelledaligne.com\/?attachment_id=2538\" rel=\"attachment wp-att-2538\"><img loading=\"lazy\" decoding=\"async\" width=\"300\" height=\"190\" class=\"aligncenter size-medium wp-image-2538\" alt=\"400dpiLogo\" src=\"https:\/\/lachapelledaligne.com\/wp-content\/uploads\/2009\/09\/400dpiLogo-300x190.jpg\" srcset=\"https:\/\/lachapelledaligne.com\/wp-content\/uploads\/2009\/09\/400dpiLogo-300x190.jpg 300w, https:\/\/lachapelledaligne.com\/wp-content\/uploads\/2009\/09\/400dpiLogo-1024x648.jpg 1024w\" sizes=\"auto, (max-width: 300px) 100vw, 300px\" \/><\/a><\/figure><\/div>\n\n\n\n<p class=\"has-pale-cyan-blue-background-color has-background\">Nouveaut\u00e9 : l&rsquo;association a repris l&rsquo;activit\u00e9 tennis. A vos raquettes au printemps !<\/p>\n\n\n\n<p class=\"has-pale-cyan-blue-background-color has-background\">Pour information les cours de tennis sont ouverts \u00e0 tous et l&rsquo;utilisation est gratuite.<\/p>\n\n\n\n<ul class=\"wp-block-list has-pale-cyan-blue-background-color has-background\">\n<li> <span style=\"font-size: revert; font-weight: revert; color: rgb(255, 0, 255);\">G\u00e9n\u00e9ration mouvement <\/span><span style=\"color: revert; font-size: revert; font-weight: revert;\"> (cartes, voyages, soir\u00e9es amicales) : pr\u00e9sidente Mme LANGLAIS Eliane 06 78 01 43 99 ou 02 43 45 51 05<\/span> <\/li>\n\n\n\n<li> <span style=\"font-size: revert; font-weight: revert; color: rgb(255, 153, 0);\">Association locale de Parents d\u2019\u00e9l\u00e8ves<\/span><span style=\"color: revert; font-size: revert; font-weight: revert;\"> :<\/span> pr\u00e9sident : Fran\u00e7ois CHAUVIN<\/li>\n\n\n\n<li> <span style=\"font-size: revert; font-weight: revert; color: rgb(102, 102, 153);\">Association sportive de cavalerie ATOUCRIN<\/span><span style=\"color: revert; font-size: revert; font-weight: revert;\"> :  &nbsp; &nbsp; &nbsp; &nbsp; 06\/89\/78\/85\/48<\/span> <\/li>\n\n\n\n<li><figure><a href=\"https:\/\/lachapelledaligne.com\/wp-content\/uploads\/2009\/09\/atoucrin.jpg\"><img loading=\"lazy\" decoding=\"async\" width=\"218\" height=\"300\" class=\"aligncenter size-medium wp-image-2391\" src=\"https:\/\/lachapelledaligne.com\/wp-content\/uploads\/2009\/09\/atoucrin-218x300.jpg\" alt=\"atoucrin\" srcset=\"https:\/\/lachapelledaligne.com\/wp-content\/uploads\/2009\/09\/atoucrin-218x300.jpg 218w, https:\/\/lachapelledaligne.com\/wp-content\/uploads\/2009\/09\/atoucrin.jpg 426w\" sizes=\"auto, (max-width: 218px) 100vw, 218px\" \/><\/a><span style=\"color: revert; font-size: revert; font-weight: revert;\">,<\/span><span style=\"color: initial;\"> <\/span><\/figure><\/li>\n\n\n\n<li>Parballe Racing Team : MONTEBRUN Bruno 02\/43\/45\/50\/19<\/li>\n\n\n\n<li>Nuisibles : CORBIN Dominique 02\/43\/45\/50\/73<\/li>\n\n\n\n<li>Coop\u00e9rative scolaire : MOTTIER Geoffroy 02\/43\/45\/52\/29<\/li>\n\n\n\n<li>Asst Local Agriculteurs : HAUTREUX Jo\u00ebl : 02\/43\/45\/52\/29<\/li>\n<\/ul>\n\n\n\n<h4 class=\"wp-block-heading has-pale-cyan-blue-background-color has-background\">Sport :<\/h4>\n\n\n\n<ul class=\"wp-block-list has-pale-cyan-blue-background-color has-background\">\n<li><h6><span style=\"color: #0000ff;\">Union sportive (football masculin)<\/span> : pr\u00e9sident<\/h6>: S\u00e9bastien Moreau<\/li>\n\n\n\n<li><h6>&nbsp;&nbsp;&nbsp;&nbsp;&nbsp;<\/h6> <\/li>\n<\/ul>\n\n\n\n<div class=\"wp-block-file\"><a id=\"wp-block-file--media-f70d202a-9cd1-4031-82ff-d30bae0d6e18\" href=\"https:\/\/lachapelledaligne.com\/wp-content\/uploads\/2020\/01\/match-retour.docx\">match-retour<\/a><a href=\"https:\/\/lachapelledaligne.com\/wp-content\/uploads\/2020\/01\/match-retour.docx\" class=\"wp-block-file__button wp-element-button\" download aria-describedby=\"wp-block-file--media-f70d202a-9cd1-4031-82ff-d30bae0d6e18\">T\u00e9l\u00e9charger<\/a><\/div>\n\n\n<div class=\"wp-block-image\">\n<figure class=\"aligncenter\"><a href=\"https:\/\/lachapelledaligne.com\/?attachment_id=2541\" rel=\"attachment wp-att-2541\"><img loading=\"lazy\" decoding=\"async\" width=\"300\" height=\"71\" src=\"https:\/\/lachapelledaligne.com\/wp-content\/uploads\/2009\/09\/foot1-300x71.jpg\" alt=\"foot\" class=\"wp-image-2541\" srcset=\"https:\/\/lachapelledaligne.com\/wp-content\/uploads\/2009\/09\/foot1-300x71.jpg 300w, https:\/\/lachapelledaligne.com\/wp-content\/uploads\/2009\/09\/foot1.jpg 951w\" sizes=\"auto, (max-width: 300px) 100vw, 300px\" \/><\/a><\/figure>\n<\/div>\n\n\n<h6 class=\"wp-block-heading\">&nbsp;<\/h6>\n\n\n\n<ul class=\"wp-block-list\">\n<li>\n<h6><span style=\"color: #808080;\">Soci\u00e9t\u00e9 de Boules de Fort<\/span> \u00ab Les Amis R\u00e9unis \u00bb : pr\u00e9sident Mr BIDEL Andr\u00e9 02.43.94.15.92<\/h6>\n<\/li>\n<\/ul>\n\n\n<div class=\"wp-block-image\">\n<figure class=\"aligncenter\"><a href=\"https:\/\/lachapelledaligne.com\/wp-content\/uploads\/2009\/09\/gal-2207559.jpg\"><img loading=\"lazy\" decoding=\"async\" width=\"300\" height=\"225\" src=\"https:\/\/lachapelledaligne.com\/wp-content\/uploads\/2009\/09\/gal-2207559-300x225.jpg\" alt=\"gal-2207559\" class=\"wp-image-1046\" srcset=\"https:\/\/lachapelledaligne.com\/wp-content\/uploads\/2009\/09\/gal-2207559-300x225.jpg 300w, https:\/\/lachapelledaligne.com\/wp-content\/uploads\/2009\/09\/gal-2207559.jpg 800w\" sizes=\"auto, (max-width: 300px) 100vw, 300px\" \/><\/a><\/figure>\n<\/div>","protected":false},"excerpt":{"rendered":"<p>Nouvelle association : Les Guibolles : Pr\u00e9sident : Mr LIOT LUDOVIC Nouveaut\u00e9 : l&rsquo;association a repris l&rsquo;activit\u00e9 tennis. A vos raquettes au printemps ! Pour information les cours de tennis sont ouverts \u00e0 tous et l&rsquo;utilisation est gratuite. Sport : &nbsp;<\/p>\n","protected":false},"author":3,"featured_media":0,"parent":0,"menu_order":7,"comment_status":"closed","ping_status":"closed","template":"","meta":{"_monsterinsights_skip_tracking":false,"_monsterinsights_sitenote_active":false,"_monsterinsights_sitenote_note":"","_monsterinsights_sitenote_category":0,"footnotes":""},"class_list":["post-9","page","type-page","status-publish","hentry"],"_links":{"self":[{"href":"https:\/\/lachapelledaligne.com\/index.php?rest_route=\/wp\/v2\/pages\/9","targetHints":{"allow":["GET"]}}],"collection":[{"href":"https:\/\/lachapelledaligne.com\/index.php?rest_route=\/wp\/v2\/pages"}],"about":[{"href":"https:\/\/lachapelledaligne.com\/index.php?rest_route=\/wp\/v2\/types\/page"}],"author":[{"embeddable":true,"href":"https:\/\/lachapelledaligne.com\/index.php?rest_route=\/wp\/v2\/users\/3"}],"replies":[{"embeddable":true,"href":"https:\/\/lachapelledaligne.com\/index.php?rest_route=%2Fwp%2Fv2%2Fcomments&post=9"}],"version-history":[{"count":58,"href":"https:\/\/lachapelledaligne.com\/index.php?rest_route=\/wp\/v2\/pages\/9\/revisions"}],"predecessor-version":[{"id":5397,"href":"https:\/\/lachapelledaligne.com\/index.php?rest_route=\/wp\/v2\/pages\/9\/revisions\/5397"}],"wp:attachment":[{"href":"https:\/\/lachapelledaligne.com\/index.php?rest_route=%2Fwp%2Fv2%2Fmedia&parent=9"}],"curies":[{"name":"wp","href":"https:\/\/api.w.org\/{rel}","templated":true}]}}